{"id":1825,"date":"2019-03-20T06:46:00","date_gmt":"2019-03-20T06:46:00","guid":{"rendered":"http:\/\/themebeer.com\/wp\/fexa\/?page_id=1825"},"modified":"2020-08-03T09:27:10","modified_gmt":"2020-08-03T09:27:10","slug":"attorneys","status":"publish","type":"page","link":"https:\/\/www.avantlex.es\/index.php\/attorneys\/","title":{"rendered":"Abogados Avantlex"},"content":{"rendered":"<p>[vc_row full_width=&#8221;stretch_row_content_no_spaces&#8221;][vc_column]        \n    <section class=\"section-padding\">\n      <div class=\"container pdb10\">\n        <div class=\"row\">\n          <div class=\"col-lg-4\">\n            <div class=\"section-heading section-heading--left section-heading--border-right mb0\">\n              <h2 class=\"section-title\">\n                Abogados en Huelva  \n                <span class=\"separator\"><\/span>\n              <\/h2>\n            <\/div>\n          <\/div>\n          <div class=\"col-lg-8\">\n            <div>\n              <p>En &lt;strong&gt;AVANTLEX&lt;\/strong&gt; contamos con &lt;strong&gt;especialistas en derecho laboral, derecho penal, administradores concursales, derecho civil y mercantil, derecho de familia, accidentes de tr\u00e1fico, derecho bancario, asesor\u00eda jur\u00eddica de la empresa, derecho administrativo, fiscalidad y tributaci\u00f3n&lt;\/strong&gt;, entre otras materias, para ofrecer los mejores servicios a &lt;strong&gt;empresas y particulares&lt;\/strong&gt;.&lt;\/p&gt;\n&lt;p&gt;Tambi\u00e9n contamos, en aras de ofrecer un &lt;strong&gt;servicio integral&lt;\/strong&gt;, con un &lt;strong&gt;departamento de gesti\u00f3n y tramitaci\u00f3n documental y de asesoramiento en materia de contratos y regularizaciones registrales&lt;\/strong&gt; (expedientes de dominio, inmatriculaciones, etc)<\/p>\n            <\/div>\n          <\/div>\n        <\/div>\n      <\/div>\n    <\/section>\n\n[vc_single_image image=&#8221;2363&#8243; img_size=&#8221;full&#8221; alignment=&#8221;center&#8221;]\n    <section class=\"team-section section-padding ash-white-bg\">\n      <div class=\"container\">\n                  <div class=\"row\">\n            <div class=\"col-md-12\">\n              <div class=\"section-heading text-center\">\n                <h2 class=\"section-title\">Nuestro equipo de abogados<\/h2>\n              <\/div>\n            <\/div>\n          <\/div>\n                <div class=\"row no-gutters\">\n              \n                <div class=\"col-lg-3 col-sm-6\">\n                  <div class=\"team-member mb0\">\n                     \n                      <div class=\"team-member__image\">\n                        <div class=\"overlay\"><\/div>\n                        <ul class=\"social\">\n                                                                                                         \n                        <\/ul>\n                        <img width=\"1000\" height=\"1103\" src=\"https:\/\/www.avantlex.es\/wp-content\/uploads\/2019\/05\/abogado-1-2.jpg\" class=\"attachment-post-thumbnail size-post-thumbnail wp-post-image\" alt=\"\" loading=\"lazy\" srcset=\"https:\/\/www.avantlex.es\/wp-content\/uploads\/2019\/05\/abogado-1-2.jpg 1000w, https:\/\/www.avantlex.es\/wp-content\/uploads\/2019\/05\/abogado-1-2-272x300.jpg 272w, https:\/\/www.avantlex.es\/wp-content\/uploads\/2019\/05\/abogado-1-2-928x1024.jpg 928w, https:\/\/www.avantlex.es\/wp-content\/uploads\/2019\/05\/abogado-1-2-768x847.jpg 768w\" sizes=\"(max-width: 1000px) 100vw, 1000px\" \/>                      <\/div>\n                      \n                    <div class=\"team-member__text-content\">\n                      <h4 class=\"heading-lavel-4 team-member__title\"><a href=\"https:\/\/www.avantlex.es\/index.php\/tc_attorney\/luis-llerena-abogado\/\">Luis Llerena<\/a><\/h4>\n                      <span class=\"team-member__designation\">Abogado - Socio Fundador<\/span>\n                    <\/div>\n                  <\/div> \n                <\/div>\n                \n                <div class=\"col-lg-3 col-sm-6\">\n                  <div class=\"team-member mb0\">\n                     \n                      <div class=\"team-member__image\">\n                        <div class=\"overlay\"><\/div>\n                        <ul class=\"social\">\n                                                                                                         \n                        <\/ul>\n                        <img width=\"1000\" height=\"1103\" src=\"https:\/\/www.avantlex.es\/wp-content\/uploads\/2020\/06\/abogado-2-4.jpg\" class=\"attachment-post-thumbnail size-post-thumbnail wp-post-image\" alt=\"\" loading=\"lazy\" srcset=\"https:\/\/www.avantlex.es\/wp-content\/uploads\/2020\/06\/abogado-2-4.jpg 1000w, https:\/\/www.avantlex.es\/wp-content\/uploads\/2020\/06\/abogado-2-4-272x300.jpg 272w, https:\/\/www.avantlex.es\/wp-content\/uploads\/2020\/06\/abogado-2-4-928x1024.jpg 928w, https:\/\/www.avantlex.es\/wp-content\/uploads\/2020\/06\/abogado-2-4-768x847.jpg 768w\" sizes=\"(max-width: 1000px) 100vw, 1000px\" \/>                      <\/div>\n                      \n                    <div class=\"team-member__text-content\">\n                      <h4 class=\"heading-lavel-4 team-member__title\"><a href=\"https:\/\/www.avantlex.es\/index.php\/tc_attorney\/oscar-vazquez\/\">Oscar V\u00e1zquez Rodriguez<\/a><\/h4>\n                      <span class=\"team-member__designation\">Abogado - Socio Fundador<\/span>\n                    <\/div>\n                  <\/div> \n                <\/div>\n                \n                <div class=\"col-lg-3 col-sm-6\">\n                  <div class=\"team-member mb0\">\n                     \n                      <div class=\"team-member__image\">\n                        <div class=\"overlay\"><\/div>\n                        <ul class=\"social\">\n                                                                                                         \n                        <\/ul>\n                        <img width=\"1000\" height=\"1103\" src=\"https:\/\/www.avantlex.es\/wp-content\/uploads\/2020\/06\/abogado-3-1.jpg\" class=\"attachment-post-thumbnail size-post-thumbnail wp-post-image\" alt=\"\" loading=\"lazy\" srcset=\"https:\/\/www.avantlex.es\/wp-content\/uploads\/2020\/06\/abogado-3-1.jpg 1000w, https:\/\/www.avantlex.es\/wp-content\/uploads\/2020\/06\/abogado-3-1-272x300.jpg 272w, https:\/\/www.avantlex.es\/wp-content\/uploads\/2020\/06\/abogado-3-1-928x1024.jpg 928w, https:\/\/www.avantlex.es\/wp-content\/uploads\/2020\/06\/abogado-3-1-768x847.jpg 768w\" sizes=\"(max-width: 1000px) 100vw, 1000px\" \/>                      <\/div>\n                      \n                    <div class=\"team-member__text-content\">\n                      <h4 class=\"heading-lavel-4 team-member__title\"><a href=\"https:\/\/www.avantlex.es\/index.php\/tc_attorney\/maricruz-perez-munoz\/\">Maricruz P\u00e9rez Mu\u00f1oz<\/a><\/h4>\n                      <span class=\"team-member__designation\">Abogada - Socia fundadora<\/span>\n                    <\/div>\n                  <\/div> \n                <\/div>\n                \n                <div class=\"col-lg-3 col-sm-6\">\n                  <div class=\"team-member mb0\">\n                     \n                      <div class=\"team-member__image\">\n                        <div class=\"overlay\"><\/div>\n                        <ul class=\"social\">\n                                                                                                         \n                        <\/ul>\n                        <img width=\"1000\" height=\"1103\" src=\"https:\/\/www.avantlex.es\/wp-content\/uploads\/2020\/06\/cristina-1.jpg\" class=\"attachment-post-thumbnail size-post-thumbnail wp-post-image\" alt=\"\" loading=\"lazy\" srcset=\"https:\/\/www.avantlex.es\/wp-content\/uploads\/2020\/06\/cristina-1.jpg 1000w, https:\/\/www.avantlex.es\/wp-content\/uploads\/2020\/06\/cristina-1-272x300.jpg 272w, https:\/\/www.avantlex.es\/wp-content\/uploads\/2020\/06\/cristina-1-928x1024.jpg 928w, https:\/\/www.avantlex.es\/wp-content\/uploads\/2020\/06\/cristina-1-768x847.jpg 768w\" sizes=\"(max-width: 1000px) 100vw, 1000px\" \/>                      <\/div>\n                      \n                    <div class=\"team-member__text-content\">\n                      <h4 class=\"heading-lavel-4 team-member__title\"><a href=\"https:\/\/www.avantlex.es\/index.php\/tc_attorney\/cristina-iglesias-garcia\/\">Cristina Iglesias Garc\u00eda<\/a><\/h4>\n                      <span class=\"team-member__designation\">Abogada-Asociada<\/span>\n                    <\/div>\n                  <\/div> \n                <\/div>\n                \n                <div class=\"col-lg-3 col-sm-6\">\n                  <div class=\"team-member mb0\">\n                     \n                      <div class=\"team-member__image\">\n                        <div class=\"overlay\"><\/div>\n                        <ul class=\"social\">\n                                                                                                         \n                        <\/ul>\n                        <img width=\"1000\" height=\"1103\" src=\"https:\/\/www.avantlex.es\/wp-content\/uploads\/2020\/06\/ana.jpg\" class=\"attachment-post-thumbnail size-post-thumbnail wp-post-image\" alt=\"\" loading=\"lazy\" srcset=\"https:\/\/www.avantlex.es\/wp-content\/uploads\/2020\/06\/ana.jpg 1000w, https:\/\/www.avantlex.es\/wp-content\/uploads\/2020\/06\/ana-272x300.jpg 272w, https:\/\/www.avantlex.es\/wp-content\/uploads\/2020\/06\/ana-928x1024.jpg 928w, https:\/\/www.avantlex.es\/wp-content\/uploads\/2020\/06\/ana-768x847.jpg 768w\" sizes=\"(max-width: 1000px) 100vw, 1000px\" \/>                      <\/div>\n                      \n                    <div class=\"team-member__text-content\">\n                      <h4 class=\"heading-lavel-4 team-member__title\"><a href=\"https:\/\/www.avantlex.es\/index.php\/tc_attorney\/ana-garcia-pena\/\">Ana Garc\u00eda Pe\u00f1a<\/a><\/h4>\n                      <span class=\"team-member__designation\">Abogada-Asociada<\/span>\n                    <\/div>\n                  <\/div> \n                <\/div>\n                \n                <div class=\"col-lg-3 col-sm-6\">\n                  <div class=\"team-member mb0\">\n                     \n                      <div class=\"team-member__image\">\n                        <div class=\"overlay\"><\/div>\n                        <ul class=\"social\">\n                                                                                                         \n                        <\/ul>\n                        <img width=\"1000\" height=\"1103\" src=\"https:\/\/www.avantlex.es\/wp-content\/uploads\/2020\/06\/joaquin-1.jpg\" class=\"attachment-post-thumbnail size-post-thumbnail wp-post-image\" alt=\"\" loading=\"lazy\" srcset=\"https:\/\/www.avantlex.es\/wp-content\/uploads\/2020\/06\/joaquin-1.jpg 1000w, https:\/\/www.avantlex.es\/wp-content\/uploads\/2020\/06\/joaquin-1-272x300.jpg 272w, https:\/\/www.avantlex.es\/wp-content\/uploads\/2020\/06\/joaquin-1-928x1024.jpg 928w, https:\/\/www.avantlex.es\/wp-content\/uploads\/2020\/06\/joaquin-1-768x847.jpg 768w\" sizes=\"(max-width: 1000px) 100vw, 1000px\" \/>                      <\/div>\n                      \n                    <div class=\"team-member__text-content\">\n                      <h4 class=\"heading-lavel-4 team-member__title\"><a href=\"https:\/\/www.avantlex.es\/index.php\/tc_attorney\/joaquin-lucena-quintero\/\">Joaqu\u00edn Lucena Quintero<\/a><\/h4>\n                      <span class=\"team-member__designation\">Abogado-Asociado<\/span>\n                    <\/div>\n                  <\/div> \n                <\/div>\n                \n                <div class=\"col-lg-3 col-sm-6\">\n                  <div class=\"team-member mb0\">\n                     \n                      <div class=\"team-member__image\">\n                        <div class=\"overlay\"><\/div>\n                        <ul class=\"social\">\n                                                                                                         \n                        <\/ul>\n                        <img width=\"1000\" height=\"1103\" src=\"https:\/\/www.avantlex.es\/wp-content\/uploads\/2020\/06\/esther-2.jpg\" class=\"attachment-post-thumbnail size-post-thumbnail wp-post-image\" alt=\"\" loading=\"lazy\" srcset=\"https:\/\/www.avantlex.es\/wp-content\/uploads\/2020\/06\/esther-2.jpg 1000w, https:\/\/www.avantlex.es\/wp-content\/uploads\/2020\/06\/esther-2-272x300.jpg 272w, https:\/\/www.avantlex.es\/wp-content\/uploads\/2020\/06\/esther-2-928x1024.jpg 928w, https:\/\/www.avantlex.es\/wp-content\/uploads\/2020\/06\/esther-2-768x847.jpg 768w\" sizes=\"(max-width: 1000px) 100vw, 1000px\" \/>                      <\/div>\n                      \n                    <div class=\"team-member__text-content\">\n                      <h4 class=\"heading-lavel-4 team-member__title\"><a href=\"https:\/\/www.avantlex.es\/index.php\/tc_attorney\/esther-gil-nunez\/\">Esther Gil N\u00fa\u00f1ez<\/a><\/h4>\n                      <span class=\"team-member__designation\">Administraci\u00f3n<\/span>\n                    <\/div>\n                  <\/div> \n                <\/div>\n                \n        <\/div>\n              <\/div>\n    <\/section>\n[\/vc_column][\/vc_row]<\/p>\n","protected":false},"excerpt":{"rendered":"<p>[vc_row full_width=&#8221;stretch_row_content_no_spaces&#8221;][vc_column][vc_single_image image=&#8221;2363&#8243; img_size=&#8221;full&#8221; alignment=&#8221;center&#8221;][\/vc_column][\/vc_row]<\/p>\n","protected":false},"author":1,"featured_media":0,"parent":0,"menu_order":0,"comment_status":"closed","ping_status":"closed","template":"template-parts\/tmp-box-page.php","meta":[],"yoast_head":"<!-- This site is optimized with the Yoast SEO plugin v14.9 - https:\/\/yoast.com\/wordpress\/plugins\/seo\/ -->\n<title>Abogados Avantlex - Avantlex Abogados | Abogado en Huelva<\/title>\n<meta name=\"robots\" content=\"index, follow, max-snippet:-1, max-image-preview:large, max-video-preview:-1\" \/>\n<link rel=\"canonical\" href=\"https:\/\/www.avantlex.es\/index.php\/attorneys\/\" \/>\n<meta property=\"og:locale\" content=\"es_ES\" \/>\n<meta property=\"og:type\" content=\"article\" \/>\n<meta property=\"og:title\" content=\"Abogados Avantlex - Avantlex Abogados | Abogado en Huelva\" \/>\n<meta property=\"og:description\" content=\"[vc_row full_width=&#8221;stretch_row_content_no_spaces&#8221;][vc_column][vc_single_image image=&#8221;2363&#8243; img_size=&#8221;full&#8221; alignment=&#8221;center&#8221;][\/vc_column][\/vc_row]\" \/>\n<meta property=\"og:url\" content=\"https:\/\/www.avantlex.es\/index.php\/attorneys\/\" \/>\n<meta property=\"og:site_name\" content=\"Avantlex Abogados | Abogado en Huelva\" \/>\n<meta property=\"article:modified_time\" content=\"2020-08-03T09:27:10+00:00\" \/>\n<meta name=\"twitter:card\" content=\"summary_large_image\" \/>\n<script type=\"application\/ld+json\" class=\"yoast-schema-graph\">{\"@context\":\"https:\/\/schema.org\",\"@graph\":[{\"@type\":\"WebSite\",\"@id\":\"https:\/\/www.avantlex.es\/#website\",\"url\":\"https:\/\/www.avantlex.es\/\",\"name\":\"Avantlex Abogados | Abogado en Huelva\",\"description\":\"Firma de abogados en Huelva que nace fruto de la fusi\\u00f3n de dos despachos con dilatada trayectoria profesional de m\\u00e1s de veinte a\\u00f1os: Luis Alberto Llerena Maestre y Oscar V\\u00e1zquez Asociados\",\"potentialAction\":[{\"@type\":\"SearchAction\",\"target\":\"https:\/\/www.avantlex.es\/?s={search_term_string}\",\"query-input\":\"required name=search_term_string\"}],\"inLanguage\":\"es\"},{\"@type\":\"WebPage\",\"@id\":\"https:\/\/www.avantlex.es\/index.php\/attorneys\/#webpage\",\"url\":\"https:\/\/www.avantlex.es\/index.php\/attorneys\/\",\"name\":\"Abogados Avantlex - Avantlex Abogados | Abogado en Huelva\",\"isPartOf\":{\"@id\":\"https:\/\/www.avantlex.es\/#website\"},\"datePublished\":\"2019-03-20T06:46:00+00:00\",\"dateModified\":\"2020-08-03T09:27:10+00:00\",\"inLanguage\":\"es\",\"potentialAction\":[{\"@type\":\"ReadAction\",\"target\":[\"https:\/\/www.avantlex.es\/index.php\/attorneys\/\"]}]}]}<\/script>\n<!-- \/ Yoast SEO plugin. -->","_links":{"self":[{"href":"https:\/\/www.avantlex.es\/index.php\/wp-json\/wp\/v2\/pages\/1825"}],"collection":[{"href":"https:\/\/www.avantlex.es\/index.php\/wp-json\/wp\/v2\/pages"}],"about":[{"href":"https:\/\/www.avantlex.es\/index.php\/wp-json\/wp\/v2\/types\/page"}],"author":[{"embeddable":true,"href":"https:\/\/www.avantlex.es\/index.php\/wp-json\/wp\/v2\/users\/1"}],"replies":[{"embeddable":true,"href":"https:\/\/www.avantlex.es\/index.php\/wp-json\/wp\/v2\/comments?post=1825"}],"version-history":[{"count":7,"href":"https:\/\/www.avantlex.es\/index.php\/wp-json\/wp\/v2\/pages\/1825\/revisions"}],"predecessor-version":[{"id":2517,"href":"https:\/\/www.avantlex.es\/index.php\/wp-json\/wp\/v2\/pages\/1825\/revisions\/2517"}],"wp:attachment":[{"href":"https:\/\/www.avantlex.es\/index.php\/wp-json\/wp\/v2\/media?parent=1825"}],"curies":[{"name":"wp","href":"https:\/\/api.w.org\/{rel}","templated":true}]}}