{"id":1795,"date":"2019-03-20T06:18:07","date_gmt":"2019-03-20T06:18:07","guid":{"rendered":"http:\/\/themebeer.com\/wp\/fexa\/?page_id=1795"},"modified":"2020-06-17T16:15:15","modified_gmt":"2020-06-17T16:15:15","slug":"avantlex","status":"publish","type":"page","link":"https:\/\/www.avantlex.es\/index.php\/avantlex\/","title":{"rendered":"Sobre nosotros"},"content":{"rendered":"<p>[vc_row][vc_column css=&#8221;.vc_custom_1592409633056{margin-bottom: 100px !important;}&#8221;] \n\n    <section class=\"section-padding pdb0 feature-section\">\n      <div class=\"container\">\n        <div class=\"row\">\n          <div class=\"col-lg-4\">\n            <div class=\"section-heading section-heading--left section-heading--border-right\">\n              <h2 class=\"section-title\">Abogados expertos en Huelva<span class=\"separator\"><\/span> <\/h2>\n            <\/div>\n          <\/div>\n          <div class=\"col-lg-8\">\n            <div class=\"row\">\n                \n                    <div class=\"col-md-4\">\n                      <div class=\"feature wow fadeInUpSmd\" data-wow-duration=\"1.5s\" data-wow-delay=\".1s\">\n                        <div class=\"feature__image\">\n                          <i class=\"icon-icomooon-logo base-color feature-icon\"><\/i>\n                        <\/div>\n                        <h3 class=\"feature__title\"><a href=\"#\">Expertos Abogados<\/a><\/h3>\n                        <p>Derecho laboral, penal, administrativo, civil, fiscal, mercantil, de familia, entre otros, para ofrecer los mejores servicios a empresas y particulares.<\/p>\n                      <\/div> \n                    <\/div> \n                      \n                    <div class=\"col-md-4\">\n                      <div class=\"feature wow fadeInUpSmd\" data-wow-duration=\"1.5s\" data-wow-delay=\".3s\">\n                        <div class=\"feature__image\">\n                          <i class=\"icon-icomooon-furniture base-color feature-icon\"><\/i>\n                        <\/div>\n                        <h3 class=\"feature__title\"><a href=\"#\">Servicio Integral<\/a><\/h3>\n                        <p>Departamento de gesti\u00f3n y tramitaci\u00f3n documental y de asesoramiento en materia de contratos y regularizaciones registrales a su servicio.<\/p>\n                      <\/div> \n                    <\/div> \n                      \n                    <div class=\"col-md-4\">\n                      <div class=\"feature wow fadeInUpSmd\" data-wow-duration=\"1.5s\" data-wow-delay=\".5s\">\n                        <div class=\"feature__image\">\n                          <i class=\"icon-icomooon-handshep base-color feature-icon\"><\/i>\n                        <\/div>\n                        <h3 class=\"feature__title\"><a href=\"#\">Trato personalizado<\/a><\/h3>\n                        <p>Desde el momento en que nos encomienda un asunto, es atendido, defendido y gestionado con m\u00e1xima diligencia, inter\u00e9s, dedicaci\u00f3n y eficacia.<\/p>\n                      <\/div> \n                    <\/div> \n                       \n            <\/div>\n          <\/div>\n        <\/div>\n        <div class=\"row\">\n          <div class=\"col-md-12\">\n            <div class=\"fame-introduce\">\n              <div class=\"fame-introduce__photo\">\n                <img src=\"https:\/\/www.avantlex.es\/wp-content\/uploads\/2020\/06\/equipo-1.jpg\" alt=\"\">\n                <div class=\"fame-introduce__middle-image\">\n                  <img src=\"\" alt=\"\">\n                <\/div>\n              <\/div>\n              <div class=\"fame-introduce__text-content\">\n                                <h2 class=\"fame-introduce__title\"><\/h2>\n                <p>&lt;strong&gt;AVANTLEX&lt;\/strong&gt; es una firma de abogados que nace fruto de la &lt;strong&gt;fusi\u00f3n de dos despachos&lt;\/strong&gt; con dilatada trayectoria profesional de m\u00e1s de veinte a\u00f1os: &lt;strong&gt;Luis Alberto Llerena Maestre y Oscar V\u00e1zquez. Asociados&lt;\/strong&gt;&lt;\/p&gt;\n&lt;p&gt;Estamos acreditados a trav\u00e9s de la entidad auditora &lt;strong&gt;AENOR&lt;\/strong&gt;, que somete la actuaci\u00f3n del despacho a los correspondientes controles de calidad y adecuaci\u00f3n a la norma ISO 9001:2008&lt;\/p&gt;\n&lt;p&gt;Ofrecemos un &lt;strong&gt;servicio cercano, honesto y resolutivo,&lt;\/strong&gt; poniendo todo nuestro &lt;strong&gt;conocimiento y profesionalidad al servicio de nuestros clientes&lt;\/strong&gt;. Nuestro objetivo es que el cliente, desde el momento en que nos encomienda un asunto, se sienta atendido y tenga la certeza de que ser\u00e1 defendido y gestionado con m\u00e1xima diligencia, inter\u00e9s, dedicaci\u00f3n y eficacia.&lt;\/p&gt;\n&lt;p&gt;Asimismo, para obtener los mejores resultados &lt;strong&gt;disponemos de las m\u00e1s avanzadas herramientas tecnol\u00f3gicas&lt;\/strong&gt; que existen hoy d\u00eda en el sector jur\u00eddico, y que nos ayudan a desarrollar nuestra labor con puntualidad y eficacia.<\/p>\n                              <\/div>\n            <\/div>\n          <\/div>\n        <\/div>\n      <\/div>\n    <\/section>\n\n[\/vc_column][\/vc_row][vc_row full_width=&#8221;stretch_row_content_no_spaces&#8221;][vc_column]\n    <section class=\"team-section section-padding ash-white-bg\">\n      <div class=\"container\">\n                  <div class=\"row\">\n            <div class=\"col-md-12\">\n              <div class=\"section-heading text-center\">\n                <h2 class=\"section-title\">Equipo avantlex<\/h2>\n              <\/div>\n            <\/div>\n          <\/div>\n                <div class=\"row no-gutters\">\n              \n                <div class=\"col-lg-3 col-sm-6\">\n                  <div class=\"team-member mb0\">\n                     \n                      <div class=\"team-member__image\">\n                        <div class=\"overlay\"><\/div>\n                        <ul class=\"social\">\n                                                                                                         \n                        <\/ul>\n                        <img width=\"1000\" height=\"1103\" src=\"https:\/\/www.avantlex.es\/wp-content\/uploads\/2019\/05\/abogado-1-2.jpg\" class=\"attachment-post-thumbnail size-post-thumbnail wp-post-image\" alt=\"\" loading=\"lazy\" srcset=\"https:\/\/www.avantlex.es\/wp-content\/uploads\/2019\/05\/abogado-1-2.jpg 1000w, https:\/\/www.avantlex.es\/wp-content\/uploads\/2019\/05\/abogado-1-2-272x300.jpg 272w, https:\/\/www.avantlex.es\/wp-content\/uploads\/2019\/05\/abogado-1-2-928x1024.jpg 928w, https:\/\/www.avantlex.es\/wp-content\/uploads\/2019\/05\/abogado-1-2-768x847.jpg 768w\" sizes=\"(max-width: 1000px) 100vw, 1000px\" \/>                      <\/div>\n                      \n                    <div class=\"team-member__text-content\">\n                      <h4 class=\"heading-lavel-4 team-member__title\"><a href=\"https:\/\/www.avantlex.es\/index.php\/tc_attorney\/luis-llerena-abogado\/\">Luis Llerena<\/a><\/h4>\n                      <span class=\"team-member__designation\">Abogado - Socio Fundador<\/span>\n                    <\/div>\n                  <\/div> \n                <\/div>\n                \n                <div class=\"col-lg-3 col-sm-6\">\n                  <div class=\"team-member mb0\">\n                     \n                      <div class=\"team-member__image\">\n                        <div class=\"overlay\"><\/div>\n                        <ul class=\"social\">\n                                                                                                         \n                        <\/ul>\n                        <img width=\"1000\" height=\"1103\" src=\"https:\/\/www.avantlex.es\/wp-content\/uploads\/2020\/06\/abogado-2-4.jpg\" class=\"attachment-post-thumbnail size-post-thumbnail wp-post-image\" alt=\"\" loading=\"lazy\" srcset=\"https:\/\/www.avantlex.es\/wp-content\/uploads\/2020\/06\/abogado-2-4.jpg 1000w, https:\/\/www.avantlex.es\/wp-content\/uploads\/2020\/06\/abogado-2-4-272x300.jpg 272w, https:\/\/www.avantlex.es\/wp-content\/uploads\/2020\/06\/abogado-2-4-928x1024.jpg 928w, https:\/\/www.avantlex.es\/wp-content\/uploads\/2020\/06\/abogado-2-4-768x847.jpg 768w\" sizes=\"(max-width: 1000px) 100vw, 1000px\" \/>                      <\/div>\n                      \n                    <div class=\"team-member__text-content\">\n                      <h4 class=\"heading-lavel-4 team-member__title\"><a href=\"https:\/\/www.avantlex.es\/index.php\/tc_attorney\/oscar-vazquez\/\">Oscar V\u00e1zquez Rodriguez<\/a><\/h4>\n                      <span class=\"team-member__designation\">Abogado - Socio Fundador<\/span>\n                    <\/div>\n                  <\/div> \n                <\/div>\n                \n                <div class=\"col-lg-3 col-sm-6\">\n                  <div class=\"team-member mb0\">\n                     \n                      <div class=\"team-member__image\">\n                        <div class=\"overlay\"><\/div>\n                        <ul class=\"social\">\n                                                                                                         \n                        <\/ul>\n                        <img width=\"1000\" height=\"1103\" src=\"https:\/\/www.avantlex.es\/wp-content\/uploads\/2020\/06\/abogado-3-1.jpg\" class=\"attachment-post-thumbnail size-post-thumbnail wp-post-image\" alt=\"\" loading=\"lazy\" srcset=\"https:\/\/www.avantlex.es\/wp-content\/uploads\/2020\/06\/abogado-3-1.jpg 1000w, https:\/\/www.avantlex.es\/wp-content\/uploads\/2020\/06\/abogado-3-1-272x300.jpg 272w, https:\/\/www.avantlex.es\/wp-content\/uploads\/2020\/06\/abogado-3-1-928x1024.jpg 928w, https:\/\/www.avantlex.es\/wp-content\/uploads\/2020\/06\/abogado-3-1-768x847.jpg 768w\" sizes=\"(max-width: 1000px) 100vw, 1000px\" \/>                      <\/div>\n                      \n                    <div class=\"team-member__text-content\">\n                      <h4 class=\"heading-lavel-4 team-member__title\"><a href=\"https:\/\/www.avantlex.es\/index.php\/tc_attorney\/maricruz-perez-munoz\/\">Maricruz P\u00e9rez Mu\u00f1oz<\/a><\/h4>\n                      <span class=\"team-member__designation\">Abogada - Socia fundadora<\/span>\n                    <\/div>\n                  <\/div> \n                <\/div>\n                \n                <div class=\"col-lg-3 col-sm-6\">\n                  <div class=\"team-member mb0\">\n                     \n                      <div class=\"team-member__image\">\n                        <div class=\"overlay\"><\/div>\n                        <ul class=\"social\">\n                                                                                                         \n                        <\/ul>\n                        <img width=\"1000\" height=\"1103\" src=\"https:\/\/www.avantlex.es\/wp-content\/uploads\/2020\/06\/cristina-1.jpg\" class=\"attachment-post-thumbnail size-post-thumbnail wp-post-image\" alt=\"\" loading=\"lazy\" srcset=\"https:\/\/www.avantlex.es\/wp-content\/uploads\/2020\/06\/cristina-1.jpg 1000w, https:\/\/www.avantlex.es\/wp-content\/uploads\/2020\/06\/cristina-1-272x300.jpg 272w, https:\/\/www.avantlex.es\/wp-content\/uploads\/2020\/06\/cristina-1-928x1024.jpg 928w, https:\/\/www.avantlex.es\/wp-content\/uploads\/2020\/06\/cristina-1-768x847.jpg 768w\" sizes=\"(max-width: 1000px) 100vw, 1000px\" \/>                      <\/div>\n                      \n                    <div class=\"team-member__text-content\">\n                      <h4 class=\"heading-lavel-4 team-member__title\"><a href=\"https:\/\/www.avantlex.es\/index.php\/tc_attorney\/cristina-iglesias-garcia\/\">Cristina Iglesias Garc\u00eda<\/a><\/h4>\n                      <span class=\"team-member__designation\">Abogada-Asociada<\/span>\n                    <\/div>\n                  <\/div> \n                <\/div>\n                \n                <div class=\"col-lg-3 col-sm-6\">\n                  <div class=\"team-member mb0\">\n                     \n                      <div class=\"team-member__image\">\n                        <div class=\"overlay\"><\/div>\n                        <ul class=\"social\">\n                                                                                                         \n                        <\/ul>\n                        <img width=\"1000\" height=\"1103\" src=\"https:\/\/www.avantlex.es\/wp-content\/uploads\/2020\/06\/ana.jpg\" class=\"attachment-post-thumbnail size-post-thumbnail wp-post-image\" alt=\"\" loading=\"lazy\" srcset=\"https:\/\/www.avantlex.es\/wp-content\/uploads\/2020\/06\/ana.jpg 1000w, https:\/\/www.avantlex.es\/wp-content\/uploads\/2020\/06\/ana-272x300.jpg 272w, https:\/\/www.avantlex.es\/wp-content\/uploads\/2020\/06\/ana-928x1024.jpg 928w, https:\/\/www.avantlex.es\/wp-content\/uploads\/2020\/06\/ana-768x847.jpg 768w\" sizes=\"(max-width: 1000px) 100vw, 1000px\" \/>                      <\/div>\n                      \n                    <div class=\"team-member__text-content\">\n                      <h4 class=\"heading-lavel-4 team-member__title\"><a href=\"https:\/\/www.avantlex.es\/index.php\/tc_attorney\/ana-garcia-pena\/\">Ana Garc\u00eda Pe\u00f1a<\/a><\/h4>\n                      <span class=\"team-member__designation\">Abogada-Asociada<\/span>\n                    <\/div>\n                  <\/div> \n                <\/div>\n                \n                <div class=\"col-lg-3 col-sm-6\">\n                  <div class=\"team-member mb0\">\n                     \n                      <div class=\"team-member__image\">\n                        <div class=\"overlay\"><\/div>\n                        <ul class=\"social\">\n                                                                                                         \n                        <\/ul>\n                        <img width=\"1000\" height=\"1103\" src=\"https:\/\/www.avantlex.es\/wp-content\/uploads\/2020\/06\/joaquin-1.jpg\" class=\"attachment-post-thumbnail size-post-thumbnail wp-post-image\" alt=\"\" loading=\"lazy\" srcset=\"https:\/\/www.avantlex.es\/wp-content\/uploads\/2020\/06\/joaquin-1.jpg 1000w, https:\/\/www.avantlex.es\/wp-content\/uploads\/2020\/06\/joaquin-1-272x300.jpg 272w, https:\/\/www.avantlex.es\/wp-content\/uploads\/2020\/06\/joaquin-1-928x1024.jpg 928w, https:\/\/www.avantlex.es\/wp-content\/uploads\/2020\/06\/joaquin-1-768x847.jpg 768w\" sizes=\"(max-width: 1000px) 100vw, 1000px\" \/>                      <\/div>\n                      \n                    <div class=\"team-member__text-content\">\n                      <h4 class=\"heading-lavel-4 team-member__title\"><a href=\"https:\/\/www.avantlex.es\/index.php\/tc_attorney\/joaquin-lucena-quintero\/\">Joaqu\u00edn Lucena Quintero<\/a><\/h4>\n                      <span class=\"team-member__designation\">Abogado-Asociado<\/span>\n                    <\/div>\n                  <\/div> \n                <\/div>\n                \n                <div class=\"col-lg-3 col-sm-6\">\n                  <div class=\"team-member mb0\">\n                     \n                      <div class=\"team-member__image\">\n                        <div class=\"overlay\"><\/div>\n                        <ul class=\"social\">\n                                                                                                         \n                        <\/ul>\n                        <img width=\"1000\" height=\"1103\" src=\"https:\/\/www.avantlex.es\/wp-content\/uploads\/2020\/06\/esther-2.jpg\" class=\"attachment-post-thumbnail size-post-thumbnail wp-post-image\" alt=\"\" loading=\"lazy\" srcset=\"https:\/\/www.avantlex.es\/wp-content\/uploads\/2020\/06\/esther-2.jpg 1000w, https:\/\/www.avantlex.es\/wp-content\/uploads\/2020\/06\/esther-2-272x300.jpg 272w, https:\/\/www.avantlex.es\/wp-content\/uploads\/2020\/06\/esther-2-928x1024.jpg 928w, https:\/\/www.avantlex.es\/wp-content\/uploads\/2020\/06\/esther-2-768x847.jpg 768w\" sizes=\"(max-width: 1000px) 100vw, 1000px\" \/>                      <\/div>\n                      \n                    <div class=\"team-member__text-content\">\n                      <h4 class=\"heading-lavel-4 team-member__title\"><a href=\"https:\/\/www.avantlex.es\/index.php\/tc_attorney\/esther-gil-nunez\/\">Esther Gil N\u00fa\u00f1ez<\/a><\/h4>\n                      <span class=\"team-member__designation\">Administraci\u00f3n<\/span>\n                    <\/div>\n                  <\/div> \n                <\/div>\n                \n        <\/div>\n                  <div class=\"row pdt70 mb20\">\n            <div class=\"col-md-12 text-center\">\n              <a href=\"#\" class=\"btn\">Descubrir equipo<\/a>\n            <\/div>\n          <\/div>\n              <\/div>\n    <\/section>\n[\/vc_column][\/vc_row]<\/p>\n","protected":false},"excerpt":{"rendered":"<p>[vc_row][vc_column css=&#8221;.vc_custom_1592409633056{margin-bottom: 100px !important;}&#8221;][\/vc_column][\/vc_row][vc_row full_width=&#8221;stretch_row_content_no_spaces&#8221;][vc_column][\/vc_column][\/vc_row]<\/p>\n","protected":false},"author":1,"featured_media":1912,"parent":0,"menu_order":0,"comment_status":"closed","ping_status":"closed","template":"template-parts\/tmp-box-page.php","meta":[],"yoast_head":"<!-- This site is optimized with the Yoast SEO plugin v14.9 - https:\/\/yoast.com\/wordpress\/plugins\/seo\/ -->\n<title>Sobre nosotros - Avantlex Abogados | Abogado en Huelva<\/title>\n<meta name=\"robots\" content=\"index, follow, max-snippet:-1, max-image-preview:large, max-video-preview:-1\" \/>\n<link rel=\"canonical\" href=\"https:\/\/www.avantlex.es\/index.php\/avantlex\/\" \/>\n<meta property=\"og:locale\" content=\"es_ES\" \/>\n<meta property=\"og:type\" content=\"article\" \/>\n<meta property=\"og:title\" content=\"Sobre nosotros - Avantlex Abogados | Abogado en Huelva\" \/>\n<meta property=\"og:description\" content=\"[vc_row][vc_column css=&#8221;.vc_custom_1592409633056{margin-bottom: 100px !important;}&#8221;][\/vc_column][\/vc_row][vc_row full_width=&#8221;stretch_row_content_no_spaces&#8221;][vc_column][\/vc_column][\/vc_row]\" \/>\n<meta property=\"og:url\" content=\"https:\/\/www.avantlex.es\/index.php\/avantlex\/\" \/>\n<meta property=\"og:site_name\" content=\"Avantlex Abogados | Abogado en Huelva\" \/>\n<meta property=\"article:modified_time\" content=\"2020-06-17T16:15:15+00:00\" \/>\n<meta property=\"og:image\" content=\"https:\/\/www.avantlex.es\/wp-content\/uploads\/2019\/03\/banner-3.jpg\" \/>\n\t<meta property=\"og:image:width\" content=\"1920\" \/>\n\t<meta property=\"og:image:height\" content=\"594\" \/>\n<meta name=\"twitter:card\" content=\"summary_large_image\" \/>\n<script type=\"application\/ld+json\" class=\"yoast-schema-graph\">{\"@context\":\"https:\/\/schema.org\",\"@graph\":[{\"@type\":\"WebSite\",\"@id\":\"https:\/\/www.avantlex.es\/#website\",\"url\":\"https:\/\/www.avantlex.es\/\",\"name\":\"Avantlex Abogados | Abogado en Huelva\",\"description\":\"Firma de abogados en Huelva que nace fruto de la fusi\\u00f3n de dos despachos con dilatada trayectoria profesional de m\\u00e1s de veinte a\\u00f1os: Luis Alberto Llerena Maestre y Oscar V\\u00e1zquez Asociados\",\"potentialAction\":[{\"@type\":\"SearchAction\",\"target\":\"https:\/\/www.avantlex.es\/?s={search_term_string}\",\"query-input\":\"required name=search_term_string\"}],\"inLanguage\":\"es\"},{\"@type\":\"ImageObject\",\"@id\":\"https:\/\/www.avantlex.es\/index.php\/avantlex\/#primaryimage\",\"inLanguage\":\"es\",\"url\":\"https:\/\/www.avantlex.es\/wp-content\/uploads\/2019\/03\/banner-3.jpg\",\"width\":1920,\"height\":594,\"caption\":\"\"},{\"@type\":\"WebPage\",\"@id\":\"https:\/\/www.avantlex.es\/index.php\/avantlex\/#webpage\",\"url\":\"https:\/\/www.avantlex.es\/index.php\/avantlex\/\",\"name\":\"Sobre nosotros - Avantlex Abogados | Abogado en Huelva\",\"isPartOf\":{\"@id\":\"https:\/\/www.avantlex.es\/#website\"},\"primaryImageOfPage\":{\"@id\":\"https:\/\/www.avantlex.es\/index.php\/avantlex\/#primaryimage\"},\"datePublished\":\"2019-03-20T06:18:07+00:00\",\"dateModified\":\"2020-06-17T16:15:15+00:00\",\"inLanguage\":\"es\",\"potentialAction\":[{\"@type\":\"ReadAction\",\"target\":[\"https:\/\/www.avantlex.es\/index.php\/avantlex\/\"]}]}]}<\/script>\n<!-- \/ Yoast SEO plugin. -->","_links":{"self":[{"href":"https:\/\/www.avantlex.es\/index.php\/wp-json\/wp\/v2\/pages\/1795"}],"collection":[{"href":"https:\/\/www.avantlex.es\/index.php\/wp-json\/wp\/v2\/pages"}],"about":[{"href":"https:\/\/www.avantlex.es\/index.php\/wp-json\/wp\/v2\/types\/page"}],"author":[{"embeddable":true,"href":"https:\/\/www.avantlex.es\/index.php\/wp-json\/wp\/v2\/users\/1"}],"replies":[{"embeddable":true,"href":"https:\/\/www.avantlex.es\/index.php\/wp-json\/wp\/v2\/comments?post=1795"}],"version-history":[{"count":12,"href":"https:\/\/www.avantlex.es\/index.php\/wp-json\/wp\/v2\/pages\/1795\/revisions"}],"predecessor-version":[{"id":2356,"href":"https:\/\/www.avantlex.es\/index.php\/wp-json\/wp\/v2\/pages\/1795\/revisions\/2356"}],"wp:featuredmedia":[{"embeddable":true,"href":"https:\/\/www.avantlex.es\/index.php\/wp-json\/wp\/v2\/media\/1912"}],"wp:attachment":[{"href":"https:\/\/www.avantlex.es\/index.php\/wp-json\/wp\/v2\/media?parent=1795"}],"curies":[{"name":"wp","href":"https:\/\/api.w.org\/{rel}","templated":true}]}}